{"id":3463,"date":"2018-11-14T13:31:42","date_gmt":"2018-11-14T10:31:42","guid":{"rendered":"http:\/\/www.termatect.com\/?page_id=3463"},"modified":"2025-01-24T20:56:19","modified_gmt":"2025-01-24T17:56:19","slug":"profesyoneller-icin","status":"publish","type":"page","link":"https:\/\/www.tanchem.com.tr\/en\/profesyoneller-icin\/","title":{"rendered":"For Professionals"},"content":{"rendered":"<div class=\"wpb-content-wrapper\"><div data-vc-full-width=\"true\" data-vc-full-width-temp=\"true\" data-vc-full-width-init=\"false\" class=\"vc_row wpb_row vc_row-fluid vc_custom_1538379031403\"><div class=\"wpb_animate_when_almost_visible wpb_fadeInUp fadeInUp wpb_column vc_column_container vc_col-sm-4\"><div class=\"vc_column-inner\"><div class=\"wpb_wrapper\"><div class=\"info_box style_4\">\n\t\t\t\t\t\t<div class=\"info_box_image\">\n\t\t\t\t<img loading=\"lazy\" decoding=\"async\" width=\"350\" height=\"204\" src=\"https:\/\/www.tanchem.com.tr\/wp-content\/uploads\/2025\/01\/Image-01-350x204.jpg\" class=\"attachment-consulting-image-350x204-croped size-consulting-image-350x204-croped\" alt=\"\" \/>\t\t\t<\/div>\n\t\t\t\n\t\t\t<div class=\"title\">\n\t\t\t<h4 class=\"no_stripe\">General Catalog (2025)<\/h4>\n\t\t<\/div>\n\t\t<p>Click here to view and download the Tanchem 2025 General Catalog.<\/p>\n<\/div>\n<div class=\"stm-spacing\" id=\"stm-spacing-69e384a25d921\"><\/div>\n<script>\n    (function($){\n        \"use strict\";\n        var spacingID = 'stm-spacing-69e384a25d921',\n            lgSpacing = '',\n            mdSpacing = '',\n            smSpacing = '30px',\n            xsSpacing = '30px';\n\n        function stmSpacing() {\n            if ( window.matchMedia(\"(min-width: 1200px)\").matches && lgSpacing ) {\n                $( '#' + spacingID ).css ( \"height\", lgSpacing );\n            } else if ( window.matchMedia(\"(max-width: 1199px) and (min-width: 992px )\").matches && mdSpacing ) {\n                $( '#' + spacingID ).css ( \"height\", mdSpacing );\n            } else if ( window.matchMedia(\"(max-width: 991px) and (min-width: 768px )\").matches && smSpacing ) {\n                $( '#' + spacingID ).css ( \"height\", smSpacing );\n            } else if ( window.matchMedia(\"(max-width: 767px)\").matches && xsSpacing ) {\n                $( '#' + spacingID ).css ( \"height\", xsSpacing );\n            } else {\n                $( '#' + spacingID ).css ( \"height\", \"\" );\n            }\n        }\n\n        $(document).ready(function() {\n            stmSpacing();\n        });\n\n        $(window).resize(function() {\n            stmSpacing();\n        });\n\n    })(jQuery);\n<\/script><\/div><\/div><\/div><div class=\"wpb_animate_when_almost_visible wpb_fadeInUp fadeInUp wpb_column vc_column_container vc_col-sm-4\"><div class=\"vc_column-inner\"><div class=\"wpb_wrapper\"><div class=\"info_box style_4\">\n\t\t\t\t\t\t<div class=\"info_box_image\">\n\t\t\t\t<img loading=\"lazy\" decoding=\"async\" width=\"350\" height=\"204\" src=\"https:\/\/www.tanchem.com.tr\/wp-content\/uploads\/2025\/01\/Image-02-350x204.jpg\" class=\"attachment-consulting-image-350x204-croped size-consulting-image-350x204-croped\" alt=\"\" \/>\t\t\t<\/div>\n\t\t\t\n\t\t\t<div class=\"title\">\n\t\t\t<h4 class=\"no_stripe\">Price List (2025-01)<\/h4>\n\t\t<\/div>\n\t\t<p>Click here to view and download the Tanchem 2025-01 Price List.<\/p>\n<\/div>\n<div class=\"stm-spacing\" id=\"stm-spacing-69e384a25e2ba\"><\/div>\n<script>\n    (function($){\n        \"use strict\";\n        var spacingID = 'stm-spacing-69e384a25e2ba',\n            lgSpacing = '',\n            mdSpacing = '',\n            smSpacing = '30px',\n            xsSpacing = '30px';\n\n        function stmSpacing() {\n            if ( window.matchMedia(\"(min-width: 1200px)\").matches && lgSpacing ) {\n                $( '#' + spacingID ).css ( \"height\", lgSpacing );\n            } else if ( window.matchMedia(\"(max-width: 1199px) and (min-width: 992px )\").matches && mdSpacing ) {\n                $( '#' + spacingID ).css ( \"height\", mdSpacing );\n            } else if ( window.matchMedia(\"(max-width: 991px) and (min-width: 768px )\").matches && smSpacing ) {\n                $( '#' + spacingID ).css ( \"height\", smSpacing );\n            } else if ( window.matchMedia(\"(max-width: 767px)\").matches && xsSpacing ) {\n                $( '#' + spacingID ).css ( \"height\", xsSpacing );\n            } else {\n                $( '#' + spacingID ).css ( \"height\", \"\" );\n            }\n        }\n\n        $(document).ready(function() {\n            stmSpacing();\n        });\n\n        $(window).resize(function() {\n            stmSpacing();\n        });\n\n    })(jQuery);\n<\/script><\/div><\/div><\/div><div class=\"wpb_animate_when_almost_visible wpb_fadeInUp fadeInUp wpb_column vc_column_container vc_col-sm-4\"><div class=\"vc_column-inner\"><div class=\"wpb_wrapper\"><div class=\"info_box style_4\">\n\t\t\t\t\t\t<div class=\"info_box_image\">\n\t\t\t\t<img loading=\"lazy\" decoding=\"async\" width=\"350\" height=\"204\" src=\"https:\/\/www.tanchem.com.tr\/wp-content\/uploads\/2025\/01\/Image-03-350x204.jpg\" class=\"attachment-consulting-image-350x204-croped size-consulting-image-350x204-croped\" alt=\"\" \/>\t\t\t<\/div>\n\t\t\t\n\t\t\t<div class=\"title\">\n\t\t\t<h4 class=\"no_stripe\">Documents (TDS &amp; MSDS &amp; Certificates)<\/h4>\n\t\t<\/div>\n\t\t<p>Click here to view and download Tanchem TDS (Technical Data Sheet), MSDS (Material Safety Data Sheet), and Quality Certificates.<\/p>\n<\/div>\n<div class=\"stm-spacing\" id=\"stm-spacing-69e384a25ec1e\"><\/div>\n<script>\n    (function($){\n        \"use strict\";\n        var spacingID = 'stm-spacing-69e384a25ec1e',\n            lgSpacing = '',\n            mdSpacing = '',\n            smSpacing = '30px',\n            xsSpacing = '30px';\n\n        function stmSpacing() {\n            if ( window.matchMedia(\"(min-width: 1200px)\").matches && lgSpacing ) {\n                $( '#' + spacingID ).css ( \"height\", lgSpacing );\n            } else if ( window.matchMedia(\"(max-width: 1199px) and (min-width: 992px )\").matches && mdSpacing ) {\n                $( '#' + spacingID ).css ( \"height\", mdSpacing );\n            } else if ( window.matchMedia(\"(max-width: 991px) and (min-width: 768px )\").matches && smSpacing ) {\n                $( '#' + spacingID ).css ( \"height\", smSpacing );\n            } else if ( window.matchMedia(\"(max-width: 767px)\").matches && xsSpacing ) {\n                $( '#' + spacingID ).css ( \"height\", xsSpacing );\n            } else {\n                $( '#' + spacingID ).css ( \"height\", \"\" );\n            }\n        }\n\n        $(document).ready(function() {\n            stmSpacing();\n        });\n\n        $(window).resize(function() {\n            stmSpacing();\n        });\n\n    })(jQuery);\n<\/script><\/div><\/div><\/div><\/div><div class=\"vc_row-full-width vc_clearfix\"><\/div><div data-vc-full-width=\"true\" data-vc-full-width-temp=\"true\" data-vc-full-width-init=\"false\" class=\"vc_row wpb_row vc_row-fluid\"><div class=\"wpb_animate_when_almost_visible wpb_fadeInUp fadeInUp wpb_column vc_column_container vc_col-sm-4\"><div class=\"vc_column-inner\"><div class=\"wpb_wrapper\"><div class=\"info_box style_4\">\n\t\t\t\t\t\t<div class=\"info_box_image\">\n\t\t\t\t<img loading=\"lazy\" decoding=\"async\" width=\"350\" height=\"204\" src=\"https:\/\/www.tanchem.com.tr\/wp-content\/uploads\/2018\/11\/Play-350x204.jpg\" class=\"attachment-consulting-image-350x204-croped size-consulting-image-350x204-croped\" alt=\"\" \/>\t\t\t<\/div>\n\t\t\t\n\t\t\t<div class=\"title\">\n\t\t\t<h4 class=\"no_stripe\">Application Videos<\/h4>\n\t\t<\/div>\n\t\t<p>Watch our application videos to learn more detailed information about our products.<\/p>\n<\/div>\n<div class=\"stm-spacing\" id=\"stm-spacing-69e384a25f546\"><\/div>\n<script>\n    (function($){\n        \"use strict\";\n        var spacingID = 'stm-spacing-69e384a25f546',\n            lgSpacing = '',\n            mdSpacing = '',\n            smSpacing = '30px',\n            xsSpacing = '30px';\n\n        function stmSpacing() {\n            if ( window.matchMedia(\"(min-width: 1200px)\").matches && lgSpacing ) {\n                $( '#' + spacingID ).css ( \"height\", lgSpacing );\n            } else if ( window.matchMedia(\"(max-width: 1199px) and (min-width: 992px )\").matches && mdSpacing ) {\n                $( '#' + spacingID ).css ( \"height\", mdSpacing );\n            } else if ( window.matchMedia(\"(max-width: 991px) and (min-width: 768px )\").matches && smSpacing ) {\n                $( '#' + spacingID ).css ( \"height\", smSpacing );\n            } else if ( window.matchMedia(\"(max-width: 767px)\").matches && xsSpacing ) {\n                $( '#' + spacingID ).css ( \"height\", xsSpacing );\n            } else {\n                $( '#' + spacingID ).css ( \"height\", \"\" );\n            }\n        }\n\n        $(document).ready(function() {\n            stmSpacing();\n        });\n\n        $(window).resize(function() {\n            stmSpacing();\n        });\n\n    })(jQuery);\n<\/script><\/div><\/div><\/div><div class=\"wpb_animate_when_almost_visible wpb_fadeInUp fadeInUp wpb_column vc_column_container vc_col-sm-4\"><div class=\"vc_column-inner\"><div class=\"wpb_wrapper\"><div class=\"info_box style_4\">\n\t\t\t\t\t\t<div class=\"info_box_image\">\n\t\t\t\t<img loading=\"lazy\" decoding=\"async\" width=\"350\" height=\"204\" src=\"https:\/\/www.tanchem.com.tr\/wp-content\/uploads\/2018\/11\/\u00d6neri-350x204.jpg\" class=\"attachment-consulting-image-350x204-croped size-consulting-image-350x204-croped\" alt=\"\" \/>\t\t\t<\/div>\n\t\t\t\n\t\t\t<div class=\"title\">\n\t\t\t<h4 class=\"no_stripe\">Recommendation Tables<\/h4>\n\t\t<\/div>\n\t\t<p>Check out our recommendation tables, which provide guidance on our products.<\/p>\n<\/div>\n<div class=\"stm-spacing\" id=\"stm-spacing-69e384a25fd86\"><\/div>\n<script>\n    (function($){\n        \"use strict\";\n        var spacingID = 'stm-spacing-69e384a25fd86',\n            lgSpacing = '',\n            mdSpacing = '',\n            smSpacing = '30px',\n            xsSpacing = '30px';\n\n        function stmSpacing() {\n            if ( window.matchMedia(\"(min-width: 1200px)\").matches && lgSpacing ) {\n                $( '#' + spacingID ).css ( \"height\", lgSpacing );\n            } else if ( window.matchMedia(\"(max-width: 1199px) and (min-width: 992px )\").matches && mdSpacing ) {\n                $( '#' + spacingID ).css ( \"height\", mdSpacing );\n            } else if ( window.matchMedia(\"(max-width: 991px) and (min-width: 768px )\").matches && smSpacing ) {\n                $( '#' + spacingID ).css ( \"height\", smSpacing );\n            } else if ( window.matchMedia(\"(max-width: 767px)\").matches && xsSpacing ) {\n                $( '#' + spacingID ).css ( \"height\", xsSpacing );\n            } else {\n                $( '#' + spacingID ).css ( \"height\", \"\" );\n            }\n        }\n\n        $(document).ready(function() {\n            stmSpacing();\n        });\n\n        $(window).resize(function() {\n            stmSpacing();\n        });\n\n    })(jQuery);\n<\/script><\/div><\/div><\/div><div class=\"wpb_animate_when_almost_visible wpb_fadeInUp fadeInUp wpb_column vc_column_container vc_col-sm-4\"><div class=\"vc_column-inner\"><div class=\"wpb_wrapper\"><div class=\"info_box style_4\">\n\t\t\t\t\t\t<div class=\"info_box_image\">\n\t\t\t\t<img loading=\"lazy\" decoding=\"async\" width=\"350\" height=\"204\" src=\"https:\/\/www.tanchem.com.tr\/wp-content\/uploads\/2018\/11\/Kalite-350x204.jpg\" class=\"attachment-consulting-image-350x204-croped size-consulting-image-350x204-croped\" alt=\"\" \/>\t\t\t<\/div>\n\t\t\t\n\t\t\t<div class=\"title\">\n\t\t\t<h4 class=\"no_stripe\">References<\/h4>\n\t\t<\/div>\n\t\t<p>Review the references provided for the production and delivery of our products.<\/p>\n<\/div>\n<div class=\"stm-spacing\" id=\"stm-spacing-69e384a260747\"><\/div>\n<script>\n    (function($){\n        \"use strict\";\n        var spacingID = 'stm-spacing-69e384a260747',\n            lgSpacing = '',\n            mdSpacing = '',\n            smSpacing = '30px',\n            xsSpacing = '30px';\n\n        function stmSpacing() {\n            if ( window.matchMedia(\"(min-width: 1200px)\").matches && lgSpacing ) {\n                $( '#' + spacingID ).css ( \"height\", lgSpacing );\n            } else if ( window.matchMedia(\"(max-width: 1199px) and (min-width: 992px )\").matches && mdSpacing ) {\n                $( '#' + spacingID ).css ( \"height\", mdSpacing );\n            } else if ( window.matchMedia(\"(max-width: 991px) and (min-width: 768px )\").matches && smSpacing ) {\n                $( '#' + spacingID ).css ( \"height\", smSpacing );\n            } else if ( window.matchMedia(\"(max-width: 767px)\").matches && xsSpacing ) {\n                $( '#' + spacingID ).css ( \"height\", xsSpacing );\n            } else {\n                $( '#' + spacingID ).css ( \"height\", \"\" );\n            }\n        }\n\n        $(document).ready(function() {\n            stmSpacing();\n        });\n\n        $(window).resize(function() {\n            stmSpacing();\n        });\n\n    })(jQuery);\n<\/script><\/div><\/div><\/div><\/div><div class=\"vc_row-full-width vc_clearfix\"><\/div><div data-vc-full-width=\"true\" data-vc-full-width-temp=\"true\" data-vc-full-width-init=\"false\" data-vc-parallax=\"1.5\" class=\"vc_row wpb_row vc_row-fluid vc_custom_1542448054303 vc_row-has-fill vc_column-gap-35 vc_general vc_parallax vc_parallax-content-moving\"><div class=\"wpb_column vc_column_container vc_col-sm-12\"><div class=\"vc_column-inner\"><div class=\"wpb_wrapper\"><div class=\"vc_custom_heading text_align_left title_no_stripe\" ><h1 style=\"line-height: 3,5;text-align: left\" class=\"consulting-custom-title translation-block\">Professional <mark> Achievements <\/mark><\/h1><\/div><div class=\"vc_row wpb_row vc_inner vc_row-fluid\"><div class=\"wpb_column vc_column_container vc_col-sm-2\"><div class=\"vc_column-inner\"><div class=\"wpb_wrapper\">\n\n\n            <div onclick=\"return true\" class=\"icon_box  vc_custom_1582708920568 style_1 icon_top_transparent clearfix\">\n                            <div class=\"icon  font-color_default font-color_base_bg\" style=\"width:50px\">\n                <i style=\"font-size:55px;  \"\n                   class=\"stm-zurich-certificate\"><\/i><\/div>\n                <div class=\"icon_text\">\n                            <h4 style=\"font-size:18px;line-height:35px\" class=\"font-color_base no_stripe\">QUALITY<\/h4>\n                    <\/div>\n            <\/div>\n    \n<\/div><\/div><\/div><div class=\"wpb_column vc_column_container vc_col-sm-2\"><div class=\"vc_column-inner\"><div class=\"wpb_wrapper\">\n\n\n            <div onclick=\"return true\" class=\"icon_box  vc_custom_1582709069942 style_1 icon_top_transparent clearfix\">\n                            <div class=\"icon  font-color_default font-color_base_bg\" style=\"width:50px\">\n                <i style=\"font-size:55px;  \"\n                   class=\"stm-nokia_outline\"><\/i><\/div>\n                <div class=\"icon_text\">\n                            <h4 style=\"font-size:18px;line-height:35px\" class=\"font-color_base no_stripe\">PERFORMANCE<\/h4>\n                    <\/div>\n            <\/div>\n    \n<\/div><\/div><\/div><div class=\"wpb_column vc_column_container vc_col-sm-2\"><div class=\"vc_column-inner\"><div class=\"wpb_wrapper\">\n\n\n            <div onclick=\"return true\" class=\"icon_box  vc_custom_1582709105392 style_1 icon_top_transparent clearfix\">\n                            <div class=\"icon  font-color_default font-color_base_bg\" style=\"width:50px\">\n                <i style=\"font-size:55px;  \"\n                   class=\"stm-shield_flat\"><\/i><\/div>\n                <div class=\"icon_text\">\n                            <h4 style=\"font-size:18px;line-height:35px\" class=\"font-color_base no_stripe\">TRUST<\/h4>\n                    <\/div>\n            <\/div>\n    \n<\/div><\/div><\/div><div class=\"wpb_column vc_column_container vc_col-sm-2\"><div class=\"vc_column-inner\"><div class=\"wpb_wrapper\">\n\n\n            <div onclick=\"return true\" class=\"icon_box  vc_custom_1582709009224 style_1 icon_top_transparent clearfix\">\n                            <div class=\"icon  font-color_default font-color_base_bg\" style=\"width:50px\">\n                <i style=\"font-size:55px;  \"\n                   class=\"stm-stats\"><\/i><\/div>\n                <div class=\"icon_text\">\n                            <h4 style=\"font-size:18px;line-height:35px\" class=\"font-color_base no_stripe\">EXPERIENCE<\/h4>\n                    <\/div>\n            <\/div>\n    \n<\/div><\/div><\/div><div class=\"wpb_column vc_column_container vc_col-sm-2\"><div class=\"vc_column-inner\"><div class=\"wpb_wrapper\"><\/div><\/div><\/div><div class=\"wpb_column vc_column_container vc_col-sm-2\"><div class=\"vc_column-inner\"><div class=\"wpb_wrapper\"><\/div><\/div><\/div><\/div><\/div><\/div><\/div><\/div><div class=\"vc_row-full-width vc_clearfix\"><\/div>\n<\/div>","protected":false},"excerpt":{"rendered":"Genel Katalog (2025) Tanchem 2025 Genel Katolo\u011funu incelemek ve indirmek i\u00e7in t\u0131klay\u0131n\u0131z. Fiyat Listesi (2025-01) Tanchem 2025-01 Fiyat Listesini incelemek ve indirmek i\u00e7in t\u0131klay\u0131n\u0131z. D\u00f6k\u00fcmanlar (TDS &amp; MSDS &amp; Belgeler) Tanchem TDS (Teknik Bilgi F\u00f6y\u00fc) ve MSDS (G\u00fcvenlik Bilgi F\u00f6y\u00fc) Kalite Belgelerini incelemek ve indirmek i\u00e7in t\u0131klay\u0131n\u0131z. Uygulama Videolar\u0131 \u00dcr\u00fcnlerimiz hakk\u0131nda daha detayl\u0131 bilgiye ula\u015fmak","protected":false},"author":1,"featured_media":0,"parent":0,"menu_order":0,"comment_status":"closed","ping_status":"closed","template":"","meta":{"footnotes":""},"class_list":["post-3463","page","type-page","status-publish","hentry"],"_links":{"self":[{"href":"https:\/\/www.tanchem.com.tr\/en\/wp-json\/wp\/v2\/pages\/3463","targetHints":{"allow":["GET"]}}],"collection":[{"href":"https:\/\/www.tanchem.com.tr\/en\/wp-json\/wp\/v2\/pages"}],"about":[{"href":"https:\/\/www.tanchem.com.tr\/en\/wp-json\/wp\/v2\/types\/page"}],"author":[{"embeddable":true,"href":"https:\/\/www.tanchem.com.tr\/en\/wp-json\/wp\/v2\/users\/1"}],"replies":[{"embeddable":true,"href":"https:\/\/www.tanchem.com.tr\/en\/wp-json\/wp\/v2\/comments?post=3463"}],"version-history":[{"count":0,"href":"https:\/\/www.tanchem.com.tr\/en\/wp-json\/wp\/v2\/pages\/3463\/revisions"}],"wp:attachment":[{"href":"https:\/\/www.tanchem.com.tr\/en\/wp-json\/wp\/v2\/media?parent=3463"}],"curies":[{"name":"wp","href":"https:\/\/api.w.org\/{rel}","templated":true}]}}