{"id":3377,"date":"2018-11-14T13:09:47","date_gmt":"2018-11-14T10:09:47","guid":{"rendered":"http:\/\/www.termatect.com\/?page_id=3377"},"modified":"2025-01-28T14:11:44","modified_gmt":"2025-01-28T11:11:44","slug":"hakkimizda","status":"publish","type":"page","link":"https:\/\/www.tanchem.com.tr\/en\/hakkimizda\/","title":{"rendered":"About us"},"content":{"rendered":"<div class=\"wpb-content-wrapper\"><div class=\"vc_row wpb_row vc_row-fluid vc_custom_1459505865030\"><div class=\"wpb_column vc_column_container vc_col-sm-9\"><div class=\"vc_column-inner\"><div class=\"wpb_wrapper\"><div class=\"vc_empty_space\"   style=\"height: 32px\"><span class=\"vc_empty_space_inner\"><\/span><\/div>\n\t<div  class=\"wpb_single_image wpb_content_element vc_align_left wpb_content_element vc_custom_1542181835277\">\n\t\t\n\t\t<figure class=\"wpb_wrapper vc_figure\">\n\t\t\t<div class=\"vc_single_image-wrapper   vc_box_border_grey\"><img decoding=\"async\" class=\"vc_single_image-img\" src=\"https:\/\/www.tanchem.com.tr\/wp-content\/uploads\/2018\/11\/Hakk\u0131m\u0131zda.jpg\" width=\"820\" height=\"350\" alt=\"Hakk\u0131m\u0131zda\" title=\"About us\" loading=\"lazy\" \/><\/div>\n\t\t<\/figure>\n\t<\/div>\n\n\t<div class=\"wpb_text_column wpb_content_element vc_custom_1738062703805\" >\n\t\t<div class=\"wpb_wrapper\">\n\t\t\t<h2 style=\"text-align: justify;\">About us<\/h2>\n<p style=\"text-align: justify;\">Founded in 2023 as Tanchem Construction Chemicals, we are a company that closely follows developments in the construction and building materials sector and continuously adapts by integrating innovations into our operations.<\/p>\n<p style=\"text-align: justify;\">Our facility, established to serve both domestic and international markets, delivers demanded products to the market without compromising on quality. Founded entirely with local capital and production, our company\u2019s aim is to transform our products into a distinguished brand and become one of the leading companies in the construction chemicals sector. Always committed to quality and advanced technologies, we take pride in working with partners who value excellence.<\/p>\n<p style=\"text-align: justify;\">In addition, our group is backed by over 17 years of experience in the construction sector through our sister companies in Adana and its surrounding region:\n\nY\u0131ld\u0131r\u0131m Ulu\u011f \u0130n\u015faat, Handan Karay \u0130n\u015faat, and Taner Ulu\u011f \u0130n\u015faat \u2013 recognized companies in residential investments,\n\nHandan Karay Beton \u2013 our ready-mix concrete facilities,\n\nInvestments in crushing, screening, and micronized mining operations.<\/p>\n<p style=\"text-align: justify;\">Our companies consider quality a fundamental principle, taking into account not only today\u2019s but also future needs while developing production and projects.<\/p>\n<p style=\"text-align: justify;\">Tanchem Construction Chemicals provides a wide range of products to meet the needs of the construction sector. With our professional team, extensive R&amp;D efforts, and advanced laboratory technologies, we produce high-performance products. Our portfolio includes ceramic and granite adhesives, technical adhesives, grouts, thermal insulation products, waterproofing solutions, surface preparation materials, and repair mortars. Following our principle, \u201cQuality is in the details\u201d, we pay careful attention to every stage\u2014from raw material selection and production processes to delivery and customer satisfaction.<\/p>\n<p style=\"text-align: justify;\">We are proud to always be by your side and to have you with us.<\/p>\n<p style=\"text-align: right;\">Sincerely,\nTanchem Construction Chemicals<\/p>\n\n\t\t<\/div>\n\t<\/div>\n<\/div><\/div><\/div><div class=\"wpb_column vc_column_container vc_col-sm-3\"><div class=\"vc_column-inner\"><div class=\"wpb_wrapper\"><div class=\"vc_empty_space\"   style=\"height: 32px\"><span class=\"vc_empty_space_inner\"><\/span><\/div>\n<div class=\"stm_sidebar\">\n\n            <style type=\"text\/css\" scoped>\n            .vc_custom_1451998133493{margin-bottom: 30px !important;}.vc_custom_1452056597103{margin-right: 0px !important;margin-bottom: 30px !important;margin-left: 0px !important;}.vc_custom_1452056633692{padding-top: 37px !important;padding-right: 30px !important;padding-bottom: 40px !important;padding-left: 30px !important;}.vc_custom_1542441801336{margin-bottom: 9px !important;}.vc_custom_1538479738853{margin-bottom: 17px !important;}        <\/style>\n        <div class=\"wpb-content-wrapper\"><div class=\"vc_row wpb_row vc_row-fluid vc_custom_1451998133493\"><div class=\"wpb_column vc_column_container vc_col-sm-12\"><div class=\"vc_column-inner\"><div class=\"wpb_wrapper\"><div class=\"vc_wp_custommenu wpb_content_element mb-30\"><div class=\"widget widget_nav_menu\"><div class=\"menu-kurumsal-container\"><ul id=\"menu-kurumsal\" class=\"menu\"><li id=\"menu-item-3448\" class=\"menu-item menu-item-type-post_type menu-item-object-page menu-item-3448\"><a href=\"https:\/\/www.tanchem.com.tr\/en\/hakkimizda\/\">About us<\/a><\/li>\n<li id=\"menu-item-3455\" class=\"menu-item menu-item-type-post_type menu-item-object-page menu-item-3455\"><a href=\"https:\/\/www.tanchem.com.tr\/en\/misyonumuz-vizyonumuz\/\">Our Mission &amp; Our Vision<\/a><\/li>\n<li id=\"menu-item-3454\" class=\"menu-item menu-item-type-post_type menu-item-object-page menu-item-3454\"><a href=\"https:\/\/www.tanchem.com.tr\/en\/politikamiz\/\">Our Policy<\/a><\/li>\n<li id=\"menu-item-3453\" class=\"menu-item menu-item-type-post_type menu-item-object-page menu-item-3453\"><a href=\"https:\/\/www.tanchem.com.tr\/en\/tesisimiz\/\">Our facility<\/a><\/li>\n<li id=\"menu-item-3452\" class=\"menu-item menu-item-type-post_type menu-item-object-page menu-item-3452\"><a href=\"https:\/\/www.tanchem.com.tr\/en\/insan-kaynaklari\/\">Human Resources<\/a><\/li>\n<li id=\"menu-item-3451\" class=\"menu-item menu-item-type-post_type menu-item-object-page menu-item-3451\"><a href=\"https:\/\/www.tanchem.com.tr\/en\/ar-ge-kalite-kontrol\/\">R &amp; D and Quality Control<\/a><\/li>\n<li id=\"menu-item-3450\" class=\"menu-item menu-item-type-post_type menu-item-object-page menu-item-3450\"><a href=\"https:\/\/www.tanchem.com.tr\/en\/musteri-memnuniyeti\/\">Customer Care<\/a><\/li>\n<li id=\"menu-item-3449\" class=\"menu-item menu-item-type-post_type menu-item-object-page menu-item-3449\"><a href=\"https:\/\/www.tanchem.com.tr\/en\/kisisel-verilerin-korunmasi\/\">Privacy Polcy<\/a><\/li>\n<\/ul><\/div><\/div><\/div><div class=\"vc_btn3-container vc_btn3-left vc_do_btn\" ><a class=\"vc_general vc_btn3 vc_btn3-size-lg vc_btn3-shape-rounded vc_btn3-style-flat vc_btn3-block vc_btn3-icon-left vc_btn3-color-theme_style_1\" href=\"#\" title=\"\"><i class=\"vc_btn3-icon fas fa-file-pdf\"><\/i> 2025 Tanchem Catalog<\/a><\/div><\/div><\/div><\/div><\/div><div class=\"vc_row wpb_row vc_row-fluid third_bg_color vc_custom_1452056597103\"><div class=\"wpb_column vc_column_container vc_col-sm-12\"><div class=\"vc_column-inner vc_custom_1452056633692\"><div class=\"wpb_wrapper\"><div class=\"vc_custom_heading vc_custom_1542441801336 text_align_left\" ><div style=\"font-size: 16px;color: #ffffff;text-align: left;font-family:Poppins;font-weight:600;font-style:normal\" class=\"consulting-custom-title\">Contact Us<\/div><\/div>\n\t<div class=\"wpb_text_column wpb_content_element vc_custom_1538479738853\" >\n\t\t<div class=\"wpb_wrapper\">\n\t\t\t<p><span style=\"font-size: 13px; line-height: 22px; color: #222222;\"><span style=\"color: #ffffff;\">For more detailed information about our company and services, feel free to reach out to us. We\u2019re here to assist you.<\/span><br \/>\n<\/span><\/p>\n\n\t\t<\/div>\n\t<\/div>\n<div class=\"vc_btn3-container vc_btn3-inline vc_do_btn\" ><a class=\"vc_general vc_btn3 vc_btn3-size-sm vc_btn3-shape-rounded vc_btn3-style-flat vc_btn3-icon-left vc_btn3-color-white\" href=\"https:\/\/www.tanchem.com.tr\/en\/iletisim\/\" title=\"\" target=\"_blank\"><i class=\"vc_btn3-icon stm-phone\"><\/i> Contact<\/a><\/div><\/div><\/div><\/div><\/div><div class=\"vc_row wpb_row vc_row-fluid\"><div class=\"wpb_column vc_column_container vc_col-sm-12\"><div class=\"vc_column-inner\"><div class=\"wpb_wrapper\">\n\n\t\t\t<div class=\"stm_testimonials cols_1 style_1\">\n\t\t\t\t\t\t\t<div class=\"item\">\n\t\t\t\t\t<div class=\"testimonial\"><p>\u201cWith the strength we receive from you, we will continue our pursuit of superior quality and exceptional service.\u201d<\/p>\n<\/div>\n\t\t\t\t\t<div class=\"testimonial-info clearfix\">\n\t\t\t\t\t\t<div class=\"testimonial-image\"><img loading=\"lazy\" decoding=\"async\" width=\"50\" height=\"50\" src=\"https:\/\/www.tanchem.com.tr\/wp-content\/uploads\/2018\/11\/Tanchem-Icon-50x50.png\" class=\"attachment-consulting-image-50x50-croped size-consulting-image-50x50-croped wp-post-image\" alt=\"\" srcset=\"https:\/\/www.tanchem.com.tr\/wp-content\/uploads\/2018\/11\/Tanchem-Icon-50x50.png 50w, https:\/\/www.tanchem.com.tr\/wp-content\/uploads\/2018\/11\/Tanchem-Icon-300x300.png 300w, https:\/\/www.tanchem.com.tr\/wp-content\/uploads\/2018\/11\/Tanchem-Icon-150x150.png 150w, https:\/\/www.tanchem.com.tr\/wp-content\/uploads\/2018\/11\/Tanchem-Icon-12x12.png 12w, https:\/\/www.tanchem.com.tr\/wp-content\/uploads\/2018\/11\/Tanchem-Icon-320x320.png 320w, https:\/\/www.tanchem.com.tr\/wp-content\/uploads\/2018\/11\/Tanchem-Icon.png 512w\" sizes=\"auto, (max-width: 50px) 100vw, 50px\" \/><\/div>\n\t\t\t\t\t\t<div class=\"testimonial-text\">\n\t\t\t\t\t\t\t<div class=\"name\">Tanchem Construction Chemicals<\/div>\n\t\t\t\t\t\t\t<div class=\"company\">\n\t\t\t\t\t\t\tTankim Tanju Kimya Mad \u0130th \u0130hr San Tic Ltd \u015eti, \t\t\t\t\t\t\t<\/div>\n\t\t\t\t\t\t<\/div>\n\t\t\t\t\t<\/div>\n\t\t\t\t<\/div>\n\t\t\t\t\t<\/div>\n\t\n\t<\/div><\/div><\/div><\/div>\n<\/div>    \n<\/div><\/div><\/div><\/div><\/div><div data-vc-full-width=\"true\" data-vc-full-width-temp=\"true\" data-vc-full-width-init=\"false\" class=\"vc_row wpb_row vc_row-fluid third_bg_color vc_custom_1459505959648\"><div class=\"wpb_column vc_column_container vc_col-sm-12\"><div class=\"vc_column-inner\"><div class=\"wpb_wrapper\">\n<section class=\"vc_cta3-container\" >\n    <div class=\"vc_general vc_cta3 third_bg_color vc_cta3-style-flat vc_cta3-shape-square vc_cta3-align-left vc_cta3-color-classic vc_cta3-icon-size-md vc_cta3-actions-right vc_custom_1737731489231 style=\"\"\">\n                        <div class=\"vc_cta3_content-container\">\n                                    <div class=\"vc_cta3-content\">\n                <header class=\"vc_cta3-content-header\">\n                    <div class=\"vc_custom_heading text_align_left\" ><h2 style=\"font-size: 20px;color: #ffffff;line-height: 24px;text-align: left\" class=\"consulting-custom-title\">Interested in learning more about our products?<\/h2><\/div>                                    <\/header>\n                            <\/div>\n                        <div class=\"vc_cta3-actions\"><div class=\"vc_btn3-container vc_btn3-right vc_do_btn\" ><a class=\"vc_general vc_btn3 vc_btn3-size-md vc_btn3-shape-rounded vc_btn3-style-flat vc_btn3-icon-right vc_btn3-color-theme_style_2\" href=\"https:\/\/www.tanchem.com.tr\/en\/urunlerimiz\/\" title=\"\" target=\"_blank\">Click Here <i class=\"vc_btn3-icon fas fa-chevron-right\"><\/i><\/a><\/div><\/div>        <\/div>\n                    <\/div>\n<\/section><\/div><\/div><\/div><\/div><div class=\"vc_row-full-width vc_clearfix\"><\/div>\n<\/div>","protected":false},"excerpt":{"rendered":"","protected":false},"author":1,"featured_media":0,"parent":0,"menu_order":0,"comment_status":"closed","ping_status":"closed","template":"","meta":{"footnotes":""},"class_list":["post-3377","page","type-page","status-publish","hentry"],"_links":{"self":[{"href":"https:\/\/www.tanchem.com.tr\/en\/wp-json\/wp\/v2\/pages\/3377","targetHints":{"allow":["GET"]}}],"collection":[{"href":"https:\/\/www.tanchem.com.tr\/en\/wp-json\/wp\/v2\/pages"}],"about":[{"href":"https:\/\/www.tanchem.com.tr\/en\/wp-json\/wp\/v2\/types\/page"}],"author":[{"embeddable":true,"href":"https:\/\/www.tanchem.com.tr\/en\/wp-json\/wp\/v2\/users\/1"}],"replies":[{"embeddable":true,"href":"https:\/\/www.tanchem.com.tr\/en\/wp-json\/wp\/v2\/comments?post=3377"}],"version-history":[{"count":0,"href":"https:\/\/www.tanchem.com.tr\/en\/wp-json\/wp\/v2\/pages\/3377\/revisions"}],"wp:attachment":[{"href":"https:\/\/www.tanchem.com.tr\/en\/wp-json\/wp\/v2\/media?parent=3377"}],"curies":[{"name":"wp","href":"https:\/\/api.w.org\/{rel}","templated":true}]}}